{"id":1687,"date":"2022-11-14T13:51:56","date_gmt":"2022-11-14T12:51:56","guid":{"rendered":"https:\/\/amzusion.de\/?page_id=1687"},"modified":"2022-11-14T13:51:56","modified_gmt":"2022-11-14T12:51:56","slug":"agbs","status":"publish","type":"page","link":"https:\/\/amzusion.de\/?page_id=1687","title":{"rendered":"AGB&#8217;s"},"content":{"rendered":"<section class=\"l-section wpb_row height_medium\"><div class=\"l-section-h i-cf\"><div class=\"g-cols vc_row via_flex valign_top type_default stacking_default\"><div class=\"vc_col-sm-12 wpb_column vc_column_container\"><div class=\"vc_column-inner\"><div class=\"wpb_wrapper\"><div class=\"w-text us_custom_5bdb182a\"><span class=\"w-text-h\"><span class=\"w-text-value\">AGB&#8217;s<\/span><\/span><\/div><div class=\"w-separator size_medium\"><\/div><div class=\"wpb_text_column\"><div class=\"wpb_wrapper\"><p class=\"p1\">Allgemeine Gesch\u00e4ftsbedingungen von <a href=\"http:\/\/Amzusion.de\"><span class=\"s1\">Amzusion.de<\/span><\/a> (Inh.: Fabio Lo Cacciato) Am Herrenh\u00e4user Bahnhof 28, 30419 Hannover<\/p>\n<p><b>\u00a71 Geltungsbereich<\/b><\/p>\n<p class=\"p1\">(1) Sofern Sie (nachfolgend: \u201cKunde\u201d) von uns, <a href=\"http:\/\/amzusion.de\"><span class=\"s1\">amzusion.de<\/span><\/a> (Inh.: Fabio Lo Cacciato) Am Herrenh\u00e4user Bahnhof 28, 30419 Hannover Dienste\/Dienstleistungen in Anspruch nehmen, wird die Geltung dieser AGB von uns vereinbart vorausgesetzt. Die Inanspruchnahme unserer Angebote ohne Akzeptanz dieser AGB ist unzul\u00e4ssig.<\/p>\n<p class=\"p1\">(2) Sie best\u00e4tigen vor Auftragsannahme unserer Dienste und Dienstleistungen, Unternehmer im Sinne des \u00a7 14 BGB zu sein.<\/p>\n<p><b>\u00a72 Vertragsgestaltung<\/b><\/p>\n<p>(1) Der Vertrag kommt dann zustande, wenn der Auftraggeber, das ihm ausgestellte Angebot best\u00e4tigt (mindestens per Email) und im Anschluss die Rechnung von uns (<a href=\"http:\/\/amzusion.de\"><span class=\"s1\">amzusion.de<\/span><\/a>) erh\u00e4lt.<br \/>\n(2) Der Grundlage f\u00fcr ein Vertrag ist ein ausgestelltes Angebot des Anbieters. Alle Kernleistungen werden aufgelistet.<br \/>\n(3) Damit wir (<a href=\"http:\/\/amzusion.de\"><span class=\"s1\">amzusion.de<\/span><\/a>) die Leistung vollst\u00e4ndig erbringen k\u00f6nnen ist der Auftraggeber (Kunde) dazu verpflichtet alle n\u00f6tigen Mitwirkungspflichten zu erbringen.<\/p>\n<p>&nbsp;<\/p>\n<p class=\"p1\"><b>\u00a73 Preise und Leistung<\/b><\/p>\n<p class=\"p1\">(1) Alle Preisangaben verstehen sich grunds\u00e4tzlich als Nettopreise zuz\u00fcglich der gesetzlichen Umsatzsteuer.<\/p>\n<p class=\"p1\">(2) Unsere Leistungserbringung erfolgt zu den im Hauptvertrag mit dem Kunden festgelegten Zeitpunkten.<\/p>\n<p class=\"p1\">(3) Die vereinbarte Zahlung ist unmittelbar nach Rechnungserhalt f\u00e4llig. Es sei denn, es wurde explizit etwas anderes vereinbart.<br \/>\n(4) Das Ergebnis der Dienstleistung (Endprodukt: Produktfotos, Produktfilme oder Listingtexte) d\u00fcrfen erst nach vollst\u00e4ndiger Zahlung von Seiten des Kunden verwendet werden.<\/p>\n<p><b><br \/>\n\u00a74 Widerrufsrecht<\/b><\/p>\n<p>(1) Ein Widerrufsrecht f\u00fcr Unternehmer im Sinne des \u00a7 14 BGB und Kaufleute gem\u00e4\u00df Handelsgesetzbuch (HGB) besteht weder von Gesetzelage noch wird ein solches von <a href=\"http:\/\/amzusion.de\"><span class=\"s1\">amzusion.de<\/span><\/a> (Inh.: Fabio Lo Cacciato) angeboten.<\/p>\n<p class=\"p1\"><b>\u00a75<span class=\"Apple-converted-space\">\u00a0 <\/span>Verg\u00fctung<\/b><\/p>\n<p>(1) Der Kunde hat das Recht auf eine Revisionsschleife nach erhalt der 1. Fertigstellung. Hier wird mit Platzhaltern gearbeitet und stellt keine Finalisierung des Projekts dar.<\/p>\n<p class=\"p1\">(1.1.) Die Korrekturschleife bezieht sich nur auf Farb\u00e4nderungen \/ Textkorrektur \/ Stockfoto \u00c4nderungen \/ minimale Layout \u00c4nderungen. Davon sind maximal bis zu zehn kostenfrei enthalten. Andere \u00c4nderungen, soweit im Projektformular oder Briefing diese W\u00fcnsche nicht explizit im voraus genannt, werden zus\u00e4tzlich berechnet und sind vom Kunden zu bezahlen. Sie geh\u00f6ren nicht zu der Korrekturschleife<br \/>\n(1.2) Rechtschreibfehler oder andere qualitative M\u00e4ngel (wie zum Beispiel Grafikfehler) werden nicht als \u00c4nderungswunsch verstanden sondern werden kostenfrei behoben.<\/p>\n<p class=\"p1\">(2) Die Korrekturw\u00fcnsche sind nach Erhalt der Bilder innerhalb von 7 Werktagen zu einzureichen. Andernfalls gilt das Ergebnis als angenommen und eine sp\u00e4tere Korrektur kann nur kostenpflichtig durchgef\u00fchrt werden.<\/p>\n<p>&nbsp;<\/p>\n<p>\u00a75<span class=\"Apple-converted-space\">\u00a0 <\/span>Rechts\u00fcbertragung<\/p>\n<p class=\"p1\">(1) Alle Inhalte, die vom Anbieter erstellt worden sind, sind urheberrechtlich gesch\u00fctzt<\/p>\n<p class=\"p1\">(2) Es ist dem Dienstleister (<a href=\"http:\/\/amzusion.de\"><span class=\"s1\">amzusion.de<\/span><\/a> Inh.: Fabio Lo Cacciato) erlaubt die Projektergebnisse als Werbezweck oder als Referenz auf der Webseite zu nutzen.<span class=\"Apple-converted-space\">\u00a0<\/span><\/p>\n<p class=\"p1\">(3) Der Anbieter \u00fcbertr\u00e4gt dem Kunden nach der Bezahlung die einfachen Nutzungsrechte der Bilder f\u00fcr die Verwendung in Marktpl\u00e4tzen wie Amazon, Ebay etc., Onlineshops<span class=\"Apple-converted-space\">\u00a0<\/span><\/p>\n<p class=\"p1\">(4) Eine namentliche Nennung ist nicht erforderlich<\/p>\n<p class=\"p1\">(5) Eine einfache Rechts\u00fcbertragung ist nur g\u00fcltig, sofern alle Zahlungen bereits get\u00e4tigt worden sind<\/p>\n<p><b>\u00a76<span class=\"Apple-converted-space\">\u00a0 <\/span>Allgemeine Bestimmungen<\/b><\/p>\n<p class=\"p1\">(1) Erf\u00fcllungsort und ausschlie\u00dflicher Gerichtsstand ist Hannover<br \/>\n(2) Durch eine etwaige Unwirksamkeit einer bestimmten Klausel, bleiben die anderen Klauseln dadurch unber\u00fchrt.<br \/>\n(3) Der Anbieter beh\u00e4lt sich das Recht vor, die Allgemeinen Gesch\u00e4ftsbedingungen aus wichtigem Grund jederzeit zu \u00e4ndern, au\u00dfer diese ist f\u00fcr den Kunden nicht zumutbar.<br \/>\n(4) Die allgemeinen Gesch\u00e4ftsbedingungen gelten als Grundvoraussetzung f\u00fcr eine Zusammenarbeit. Werden diese nicht akzeptiert, so muss der Kunde diese bereits vor Vertragsbeginn \u00e4u\u00dfern und von der Zusammenarbeit absehen<br \/>\n(5) Streitbeilegung: Die EU-Kommission hat eine Internetplattform zur Online-Beilegung von Streitigkeiten geschaffen. Die Plattform dient als Anlaufstelle zur au\u00dfergerichtlichen Beilegung von Streitigkeiten betreffend vertragliche Verpflichtungen, die aus Online-Kaufvertr\u00e4gen erwachsen. N\u00e4here Informationen sind unter dem folgenden Link verf\u00fcgbar:\u00a0<a href=\"http:\/\/ec.europa.eu\/consumers\/odr\"><span class=\"s2\">http:\/\/ec.europa.eu\/consumers\/odr<\/span><\/a>. Zur Teilnahme an einem Streitbeilegungsverfahren vor einer Verbraucherschlichtungsstelle sind wir weder bereit noch verpflichtet.<\/p>\n<\/div><\/div><\/div><\/div><\/div><\/div><\/div><\/section>\n","protected":false},"excerpt":{"rendered":"AGB&#8217;sAllgemeine Gesch\u00e4ftsbedingungen von Amzusion.de (Inh.: Fabio Lo Cacciato) Am Herrenh\u00e4user Bahnhof 28, 30419 Hannover \u00a71 Geltungsbereich (1) Sofern Sie (nachfolgend: \u201cKunde\u201d) von uns, amzusion.de (Inh.: Fabio Lo Cacciato) Am Herrenh\u00e4user Bahnhof 28, 30419 Hannover Dienste\/Dienstleistungen in Anspruch nehmen, wird die Geltung dieser AGB von uns vereinbart vorausgesetzt. Die Inanspruchnahme unserer Angebote ohne Akzeptanz dieser AGB...","protected":false},"author":1,"featured_media":0,"parent":0,"menu_order":0,"comment_status":"closed","ping_status":"closed","template":"","meta":{"_acf_changed":false,"footnotes":""},"class_list":["post-1687","page","type-page","status-publish","hentry"],"acf":[],"_links":{"self":[{"href":"https:\/\/amzusion.de\/index.php?rest_route=\/wp\/v2\/pages\/1687","targetHints":{"allow":["GET"]}}],"collection":[{"href":"https:\/\/amzusion.de\/index.php?rest_route=\/wp\/v2\/pages"}],"about":[{"href":"https:\/\/amzusion.de\/index.php?rest_route=\/wp\/v2\/types\/page"}],"author":[{"embeddable":true,"href":"https:\/\/amzusion.de\/index.php?rest_route=\/wp\/v2\/users\/1"}],"replies":[{"embeddable":true,"href":"https:\/\/amzusion.de\/index.php?rest_route=%2Fwp%2Fv2%2Fcomments&post=1687"}],"version-history":[{"count":4,"href":"https:\/\/amzusion.de\/index.php?rest_route=\/wp\/v2\/pages\/1687\/revisions"}],"predecessor-version":[{"id":1696,"href":"https:\/\/amzusion.de\/index.php?rest_route=\/wp\/v2\/pages\/1687\/revisions\/1696"}],"wp:attachment":[{"href":"https:\/\/amzusion.de\/index.php?rest_route=%2Fwp%2Fv2%2Fmedia&parent=1687"}],"curies":[{"name":"wp","href":"https:\/\/api.w.org\/{rel}","templated":true}]}}